{"id":18,"date":"2022-03-14T23:50:41","date_gmt":"2022-03-14T22:50:41","guid":{"rendered":"https:\/\/mam.familleleconte.fr\/?page_id=18"},"modified":"2022-04-06T01:51:06","modified_gmt":"2022-04-05T23:51:06","slug":"la-reception","status":"publish","type":"page","link":"https:\/\/mam.familleleconte.fr\/index.php\/la-reception\/","title":{"rendered":"La R\u00e9ception"},"content":{"rendered":"\n<p>Pour marquer d&rsquo;une mani\u00e8re m\u00e9morable cet \u00e9v\u00e8nement inoubliable, nos chers parents re\u00e7oivent selon les invitations envoy\u00e9es<\/p>\n\n\n\n<ul class=\"wp-block-list\"><li>Cocktail de 18 heures \u00e0 20 heures<\/li><li>D\u00eener plac\u00e9 20 heures 30<\/li><\/ul>\n\n\n\n<p>Au moulin de Lanrodec<br>9 rue des \u00e9coliers <br>22170 LANRODEC<\/p>\n\n\n\n<figure class=\"wp-block-gallery has-nested-images columns-default is-cropped wp-block-gallery-1 is-layout-flex wp-block-gallery-is-layout-flex\">\n<figure class=\"wp-block-image size-large\"><img loading=\"lazy\" decoding=\"async\" width=\"940\" height=\"510\" data-id=\"40\" src=\"https:\/\/mam.familleleconte.fr\/wp-content\/uploads\/2022\/03\/Facade-du-Moulin-de-Lanrodec.jpg\" alt=\"\" class=\"wp-image-40\" srcset=\"https:\/\/mam.familleleconte.fr\/wp-content\/uploads\/2022\/03\/Facade-du-Moulin-de-Lanrodec.jpg 940w, https:\/\/mam.familleleconte.fr\/wp-content\/uploads\/2022\/03\/Facade-du-Moulin-de-Lanrodec-300x163.jpg 300w, https:\/\/mam.familleleconte.fr\/wp-content\/uploads\/2022\/03\/Facade-du-Moulin-de-Lanrodec-768x417.jpg 768w\" sizes=\"auto, (max-width: 940px) 100vw, 940px\" \/><\/figure>\n\n\n\n<figure class=\"wp-block-image size-large\"><img loading=\"lazy\" decoding=\"async\" width=\"662\" height=\"441\" data-id=\"41\" src=\"https:\/\/mam.familleleconte.fr\/wp-content\/uploads\/2022\/03\/Cocktail-dans-le-parc-du-Moulin-de-Lanrodec.jpg\" alt=\"\" class=\"wp-image-41\" srcset=\"https:\/\/mam.familleleconte.fr\/wp-content\/uploads\/2022\/03\/Cocktail-dans-le-parc-du-Moulin-de-Lanrodec.jpg 662w, https:\/\/mam.familleleconte.fr\/wp-content\/uploads\/2022\/03\/Cocktail-dans-le-parc-du-Moulin-de-Lanrodec-300x200.jpg 300w\" sizes=\"auto, (max-width: 662px) 100vw, 662px\" \/><\/figure>\n\n\n\n<figure class=\"wp-block-image size-large\"><img loading=\"lazy\" decoding=\"async\" width=\"662\" height=\"441\" data-id=\"42\" src=\"https:\/\/mam.familleleconte.fr\/wp-content\/uploads\/2022\/03\/Buffet-boissons-cocktail-dans-le-parc-du-Moulin-de-Lanrodec.jpg\" alt=\"\" class=\"wp-image-42\" srcset=\"https:\/\/mam.familleleconte.fr\/wp-content\/uploads\/2022\/03\/Buffet-boissons-cocktail-dans-le-parc-du-Moulin-de-Lanrodec.jpg 662w, https:\/\/mam.familleleconte.fr\/wp-content\/uploads\/2022\/03\/Buffet-boissons-cocktail-dans-le-parc-du-Moulin-de-Lanrodec-300x200.jpg 300w\" sizes=\"auto, (max-width: 662px) 100vw, 662px\" \/><\/figure>\n<\/figure>\n\n\n\n<div class=\"wp-block-columns is-layout-flex wp-container-core-columns-is-layout-9d6595d7 wp-block-columns-is-layout-flex\">\n<div class=\"wp-block-column is-layout-flow wp-block-column-is-layout-flow\">\n<iframe src=\"https:\/\/www.google.com\/maps\/embed?pb=!1m14!1m8!1m3!1d660.6975969878551!2d-3.0329745!3d48.5180828!3m2!1i1024!2i768!4f13.1!3m3!1m2!1s0x0%3A0x6189624671c3cb61!2sLe%20Moulin%20de%20Lanrodec!5e0!3m2!1sfr!2sfr!4v1647339147216!5m2!1sfr!2sfr\" width=\"522\" height=\"505\" style=\"border:0;\" allowfullscreen=\"\" loading=\"lazy\"><\/iframe>\n<\/div>\n\n\n\n<div class=\"wp-block-column is-layout-flow wp-block-column-is-layout-flow\">\n<figure class=\"wp-block-image size-full is-style-default\"><img loading=\"lazy\" decoding=\"async\" width=\"1640\" height=\"1588\" src=\"https:\/\/mam.familleleconte.fr\/wp-content\/uploads\/2022\/03\/image0-2.jpeg\" alt=\"\" class=\"wp-image-182\" srcset=\"https:\/\/mam.familleleconte.fr\/wp-content\/uploads\/2022\/03\/image0-2.jpeg 1640w, https:\/\/mam.familleleconte.fr\/wp-content\/uploads\/2022\/03\/image0-2-300x290.jpeg 300w, https:\/\/mam.familleleconte.fr\/wp-content\/uploads\/2022\/03\/image0-2-1024x992.jpeg 1024w, https:\/\/mam.familleleconte.fr\/wp-content\/uploads\/2022\/03\/image0-2-768x744.jpeg 768w, https:\/\/mam.familleleconte.fr\/wp-content\/uploads\/2022\/03\/image0-2-1536x1487.jpeg 1536w\" sizes=\"auto, (max-width: 1640px) 100vw, 1640px\" \/><\/figure>\n<\/div>\n<\/div>\n\n\n\n<div class=\"wp-block-buttons is-horizontal is-content-justification-center is-layout-flex wp-container-core-buttons-is-layout-499968f5 wp-block-buttons-is-layout-flex\">\n<div class=\"wp-block-button\"><a class=\"wp-block-button__link\" href=\"https:\/\/mam.familleleconte.fr\/wp-content\/uploads\/2022\/03\/Fiche-de-stationnement-a\u0300-Lanrodec.pdf\" target=\"_blank\" rel=\"noreferrer noopener\">Comment se garer<\/a><\/div>\n<\/div>\n\n\n\n<p><\/p>\n","protected":false},"excerpt":{"rendered":"<p>Pour marquer d&rsquo;une mani\u00e8re m\u00e9morable cet \u00e9v\u00e8nement inoubliable, nos chers parents re\u00e7oivent selon les invitations envoy\u00e9es Cocktail de 18 heures &hellip; <\/p>\n","protected":false},"author":1,"featured_media":0,"parent":0,"menu_order":0,"comment_status":"closed","ping_status":"closed","template":"","meta":{"footnotes":""},"class_list":["post-18","page","type-page","status-publish","hentry"],"_links":{"self":[{"href":"https:\/\/mam.familleleconte.fr\/index.php\/wp-json\/wp\/v2\/pages\/18","targetHints":{"allow":["GET"]}}],"collection":[{"href":"https:\/\/mam.familleleconte.fr\/index.php\/wp-json\/wp\/v2\/pages"}],"about":[{"href":"https:\/\/mam.familleleconte.fr\/index.php\/wp-json\/wp\/v2\/types\/page"}],"author":[{"embeddable":true,"href":"https:\/\/mam.familleleconte.fr\/index.php\/wp-json\/wp\/v2\/users\/1"}],"replies":[{"embeddable":true,"href":"https:\/\/mam.familleleconte.fr\/index.php\/wp-json\/wp\/v2\/comments?post=18"}],"version-history":[{"count":14,"href":"https:\/\/mam.familleleconte.fr\/index.php\/wp-json\/wp\/v2\/pages\/18\/revisions"}],"predecessor-version":[{"id":289,"href":"https:\/\/mam.familleleconte.fr\/index.php\/wp-json\/wp\/v2\/pages\/18\/revisions\/289"}],"wp:attachment":[{"href":"https:\/\/mam.familleleconte.fr\/index.php\/wp-json\/wp\/v2\/media?parent=18"}],"curies":[{"name":"wp","href":"https:\/\/api.w.org\/{rel}","templated":true}]}}