{"id":22,"date":"2022-03-14T23:52:57","date_gmt":"2022-03-14T22:52:57","guid":{"rendered":"https:\/\/mam.familleleconte.fr\/?page_id=22"},"modified":"2022-03-15T17:07:04","modified_gmt":"2022-03-15T16:07:04","slug":"les-hotels","status":"publish","type":"page","link":"https:\/\/mam.familleleconte.fr\/index.php\/les-hotels\/","title":{"rendered":"Les h\u00e9bergements possibles"},"content":{"rendered":"\n<p class=\"has-luminous-vivid-amber-color has-text-color\">Nous vous recommandons les h\u00e9bergements autours du lieu de r\u00e9ception : le moulin de Lanrodec, \u00e0 Guingamp (8km du lieu de r\u00e9ception) ou \u00e0 Tr\u00e9guier (45km du lieu de r\u00e9ception)<\/p>\n\n\n\n<div class=\"wp-block-buttons is-layout-flex wp-block-buttons-is-layout-flex\">\n<div class=\"wp-block-button\"><a class=\"wp-block-button__link\" href=\"https:\/\/www.moulin-de-lanrodec.fr\/hebergements\" target=\"_blank\" rel=\"noreferrer noopener\">Autours du moulin de Lanrodec<\/a><\/div>\n<\/div>\n\n\n\n<p><\/p>\n\n\n\n<div class=\"wp-block-buttons is-layout-flex wp-block-buttons-is-layout-flex\">\n<div class=\"wp-block-button\"><a class=\"wp-block-button__link\" href=\"https:\/\/fr.hotels.com\/de493877\/hotels-treguier-france\/\" target=\"_blank\" rel=\"noreferrer noopener\">H\u00f4tels.com Tr\u00e9guier<\/a><\/div>\n\n\n\n<div class=\"wp-block-button\"><a class=\"wp-block-button__link\" href=\"https:\/\/www.google.com\/travel\/hotels?q=hotel%20tr\u00e9guier&amp;gsas=1&amp;rp=CgRYAGAAOAGAAgE&amp;ved=0CAEQ__kHahcKEwigu_D2t8j2AhUAAAAAHQAAAAAQYw&amp;hl=fr-FR&amp;gl=fr&amp;g2lb=2502548%2C2503771%2C2503781%2C4258168%2C4270442%2C4284970%2C4291517%2C4306835%2C4308227%2C4401769%2C4429192%2C4515404%2C4597339%2C4640247%2C4647135%2C4649665%2C4680141%2C4704212%2C4722435%2C4722900%2C4723331%2C4726607%2C4733706%2C4733769%2C4734960&amp;utm_campaign=sharing&amp;utm_medium=link&amp;utm_source=htls\" target=\"_blank\" rel=\"noreferrer noopener\">Plus de 110 H\u00f4tels \u00e0 Tr\u00e9guier (via compte google)<\/a><\/div>\n<\/div>\n\n\n\n<div class=\"wp-block-buttons is-layout-flex wp-block-buttons-is-layout-flex\">\n<div class=\"wp-block-button\"><a class=\"wp-block-button__link\" href=\"https:\/\/fr.hotels.com\/de522774\/hotels-guingamp-france\/\" target=\"_blank\" rel=\"noreferrer noopener\">H\u00f4tel.com Guingamp<\/a><\/div>\n\n\n\n<div class=\"wp-block-button\"><a class=\"wp-block-button__link\" href=\"https:\/\/www.google.com\/travel\/hotels\/Guingamp?q=hotel%20guingamp&amp;g2lb=2502548%2C2503771%2C2503781%2C4258168%2C4270442%2C4284970%2C4291517%2C4306835%2C4308227%2C4401769%2C4429192%2C4515404%2C4597339%2C4640247%2C4647135%2C4649665%2C4680141%2C4704212%2C4722435%2C4722900%2C4723331%2C4726607%2C4733706%2C4733769%2C4734960&amp;hl=fr-FR&amp;gl=fr&amp;ssta=1&amp;ap=aAE&amp;rp=EJGmpYCa9YP47AEQraK9qPDMtYbzARD8usnE5Lre7iYQ256it9zgs5x5OAFAAEgCogEIR3VpbmdhbXA&amp;ictx=1&amp;sa=X&amp;ved=0CAAQ5JsGahcKEwigu_D2t8j2AhUAAAAAHQAAAAAQCQ&amp;utm_campaign=sharing&amp;utm_medium=link&amp;utm_source=htls&amp;ts=CAESCgoCCAMKAggDEAAaLAoOEgo6CEd1aW5nYW1wGgASGhIUCgcI5g8QAxgREgcI5g8QAxgSGAEyAhAAKgsKBygBOgNFVVIaAA\" target=\"_blank\" rel=\"noreferrer noopener\">Plus de 150 h\u00f4tels \u00e0 Guingamp (via compte google)<\/a><\/div>\n<\/div>\n\n\n\n<p><\/p>\n\n\n\n<div class=\"wp-block-buttons is-layout-flex wp-block-buttons-is-layout-flex\">\n<div class=\"wp-block-button\"><a class=\"wp-block-button__link\" href=\"https:\/\/www.chambres-hotes.fr\/chambres-hotes_guingamp_8656.html\" target=\"_blank\" rel=\"noreferrer noopener\">Chambres d&rsquo;H\u00f4tes<\/a><\/div>\n<\/div>\n\n\n\n<div class=\"wp-block-buttons is-layout-flex wp-block-buttons-is-layout-flex\">\n<div class=\"wp-block-button\"><a class=\"wp-block-button__link\" href=\"https:\/\/www.gites.fr\/gites_guingamp_8656.html\" target=\"_blank\" rel=\"noreferrer noopener\">G\u00eetes<\/a><\/div>\n<\/div>\n\n\n\n<p><\/p>\n","protected":false},"excerpt":{"rendered":"<p>Nous vous recommandons les h\u00e9bergements autours du lieu de r\u00e9ception : le moulin de Lanrodec, \u00e0 Guingamp (8km du lieu &hellip; <\/p>\n","protected":false},"author":1,"featured_media":0,"parent":0,"menu_order":0,"comment_status":"closed","ping_status":"closed","template":"","meta":{"footnotes":""},"class_list":["post-22","page","type-page","status-publish","hentry"],"_links":{"self":[{"href":"https:\/\/mam.familleleconte.fr\/index.php\/wp-json\/wp\/v2\/pages\/22","targetHints":{"allow":["GET"]}}],"collection":[{"href":"https:\/\/mam.familleleconte.fr\/index.php\/wp-json\/wp\/v2\/pages"}],"about":[{"href":"https:\/\/mam.familleleconte.fr\/index.php\/wp-json\/wp\/v2\/types\/page"}],"author":[{"embeddable":true,"href":"https:\/\/mam.familleleconte.fr\/index.php\/wp-json\/wp\/v2\/users\/1"}],"replies":[{"embeddable":true,"href":"https:\/\/mam.familleleconte.fr\/index.php\/wp-json\/wp\/v2\/comments?post=22"}],"version-history":[{"count":16,"href":"https:\/\/mam.familleleconte.fr\/index.php\/wp-json\/wp\/v2\/pages\/22\/revisions"}],"predecessor-version":[{"id":157,"href":"https:\/\/mam.familleleconte.fr\/index.php\/wp-json\/wp\/v2\/pages\/22\/revisions\/157"}],"wp:attachment":[{"href":"https:\/\/mam.familleleconte.fr\/index.php\/wp-json\/wp\/v2\/media?parent=22"}],"curies":[{"name":"wp","href":"https:\/\/api.w.org\/{rel}","templated":true}]}}