{"id":222,"date":"2022-04-06T00:47:38","date_gmt":"2022-04-05T22:47:38","guid":{"rendered":"https:\/\/mam.familleleconte.fr\/?page_id=222"},"modified":"2022-04-06T01:41:56","modified_gmt":"2022-04-05T23:41:56","slug":"ceremony","status":"publish","type":"page","link":"https:\/\/mam.familleleconte.fr\/index.php\/ceremony\/","title":{"rendered":"La messe"},"content":{"rendered":"\n<div class=\"wp-block-columns is-layout-flex wp-container-core-columns-is-layout-9d6595d7 wp-block-columns-is-layout-flex\">\n<div class=\"wp-block-column is-layout-flow wp-block-column-is-layout-flow\" style=\"flex-basis:33.33%\">\n<figure class=\"wp-block-image size-full is-style-default\"><img loading=\"lazy\" decoding=\"async\" width=\"646\" height=\"662\" src=\"https:\/\/mam.familleleconte.fr\/wp-content\/uploads\/2022\/03\/IMG_5152.jpg\" alt=\"\" class=\"wp-image-183\" srcset=\"https:\/\/mam.familleleconte.fr\/wp-content\/uploads\/2022\/03\/IMG_5152.jpg 646w, https:\/\/mam.familleleconte.fr\/wp-content\/uploads\/2022\/03\/IMG_5152-293x300.jpg 293w, https:\/\/mam.familleleconte.fr\/wp-content\/uploads\/2022\/03\/IMG_5152-56x56.jpg 56w\" sizes=\"auto, (max-width: 646px) 100vw, 646px\" \/><\/figure>\n<\/div>\n\n\n\n<div class=\"wp-block-column is-layout-flow wp-block-column-is-layout-flow\" style=\"flex-basis:66.66%\">\n<h2 class=\"wp-block-heading\">Notre messe de mariage aura lieu le <strong>17 ao\u00fbt 2022 <\/strong>dans la <strong>Cath\u00e9drale basilique St Tugdual de Tr\u00e9guier<\/strong>.<\/h2>\n\n\n\n<blockquote class=\"wp-block-quote is-layout-flow wp-block-quote-is-layout-flow\"><p>Cath\u00e9drale St Tugdual de Tr\u00e9guier<\/p><cite>1 place du g\u00e9n\u00e9ral Leclerc<br>22220 TREGUIER<\/cite><\/blockquote>\n<\/div>\n<\/div>\n\n\n\n<div class=\"wp-block-columns is-layout-flex wp-container-core-columns-is-layout-9d6595d7 wp-block-columns-is-layout-flex\">\n<div class=\"wp-block-column is-layout-flow wp-block-column-is-layout-flow\"><\/div>\n\n\n\n<div class=\"wp-block-column is-layout-flow wp-block-column-is-layout-flow\">\n<iframe src=\"https:\/\/www.google.com\/maps\/embed?pb=!1m18!1m12!1m3!1d2628.6897048590463!2d-3.232985884328124!3d48.787813879280655!2m3!1f0!2f0!3f0!3m2!1i1024!2i768!4f13.1!3m3!1m2!1s0x481223af0561ff53%3A0xc77a75f9fa4c251!2sLa%20Cath%C3%A9drale%20Saint-Tugdual!5e0!3m2!1sfr!2sfr!4v1647338066248!5m2!1sfr!2sfr\" width=\"400\" height=\"300\" style=\"border:0;\" allowfullscreen=\"\" loading=\"lazy\"><\/iframe>\n<\/div>\n\n\n\n<div class=\"wp-block-column is-layout-flow wp-block-column-is-layout-flow\"><\/div>\n<\/div>\n","protected":false},"excerpt":{"rendered":"<p>Notre messe de mariage aura lieu le 17 ao\u00fbt 2022 dans la Cath\u00e9drale basilique St Tugdual de Tr\u00e9guier. Cath\u00e9drale St &hellip; <\/p>\n","protected":false},"author":1,"featured_media":0,"parent":0,"menu_order":0,"comment_status":"closed","ping_status":"closed","template":"","meta":{"footnotes":""},"class_list":["post-222","page","type-page","status-publish","hentry"],"_links":{"self":[{"href":"https:\/\/mam.familleleconte.fr\/index.php\/wp-json\/wp\/v2\/pages\/222","targetHints":{"allow":["GET"]}}],"collection":[{"href":"https:\/\/mam.familleleconte.fr\/index.php\/wp-json\/wp\/v2\/pages"}],"about":[{"href":"https:\/\/mam.familleleconte.fr\/index.php\/wp-json\/wp\/v2\/types\/page"}],"author":[{"embeddable":true,"href":"https:\/\/mam.familleleconte.fr\/index.php\/wp-json\/wp\/v2\/users\/1"}],"replies":[{"embeddable":true,"href":"https:\/\/mam.familleleconte.fr\/index.php\/wp-json\/wp\/v2\/comments?post=222"}],"version-history":[{"count":3,"href":"https:\/\/mam.familleleconte.fr\/index.php\/wp-json\/wp\/v2\/pages\/222\/revisions"}],"predecessor-version":[{"id":278,"href":"https:\/\/mam.familleleconte.fr\/index.php\/wp-json\/wp\/v2\/pages\/222\/revisions\/278"}],"wp:attachment":[{"href":"https:\/\/mam.familleleconte.fr\/index.php\/wp-json\/wp\/v2\/media?parent=222"}],"curies":[{"name":"wp","href":"https:\/\/api.w.org\/{rel}","templated":true}]}}