{"id":224,"date":"2022-04-06T00:47:39","date_gmt":"2022-04-05T22:47:39","guid":{"rendered":"https:\/\/mam.familleleconte.fr\/?page_id=224"},"modified":"2022-04-10T18:13:54","modified_gmt":"2022-04-10T16:13:54","slug":"covoiturages","status":"publish","type":"page","link":"https:\/\/mam.familleleconte.fr\/index.php\/covoiturages\/","title":{"rendered":"Covoiturages"},"content":{"rendered":"\n<p>Se d\u00e9placer \u00e0 l&rsquo;autre bout de la Bretagne n&rsquo;est pas facile pour tout le monde, aussi nous mettons \u00e0 votre disposition un tableau permettant de vous coordonner si besoin lors de vos d\u00e9placements !<\/p>\n\n\n\n<p><\/p>\n\n\n\n<div class=\"wp-block-buttons is-content-justification-center is-layout-flex wp-container-core-buttons-is-layout-16018d1d wp-block-buttons-is-layout-flex\">\n<div class=\"wp-block-button is-style-outline is-style-outline--1\"><a class=\"wp-block-button__link has-black-color has-text-color\" href=\"https:\/\/docs.google.com\/spreadsheets\/d\/1gWYkwwIZkazVyz2djSsfafAowMbwRNVWD5cRmMF_nxg\/edit#gid=0\" target=\"_blank\" rel=\"noreferrer noopener\">Acc\u00e9der au drive<\/a><\/div>\n<\/div>\n","protected":false},"excerpt":{"rendered":"<p>Se d\u00e9placer \u00e0 l&rsquo;autre bout de la Bretagne n&rsquo;est pas facile pour tout le monde, aussi nous mettons \u00e0 votre &hellip; <\/p>\n","protected":false},"author":1,"featured_media":0,"parent":0,"menu_order":0,"comment_status":"closed","ping_status":"closed","template":"","meta":{"footnotes":""},"class_list":["post-224","page","type-page","status-publish","hentry"],"_links":{"self":[{"href":"https:\/\/mam.familleleconte.fr\/index.php\/wp-json\/wp\/v2\/pages\/224","targetHints":{"allow":["GET"]}}],"collection":[{"href":"https:\/\/mam.familleleconte.fr\/index.php\/wp-json\/wp\/v2\/pages"}],"about":[{"href":"https:\/\/mam.familleleconte.fr\/index.php\/wp-json\/wp\/v2\/types\/page"}],"author":[{"embeddable":true,"href":"https:\/\/mam.familleleconte.fr\/index.php\/wp-json\/wp\/v2\/users\/1"}],"replies":[{"embeddable":true,"href":"https:\/\/mam.familleleconte.fr\/index.php\/wp-json\/wp\/v2\/comments?post=224"}],"version-history":[{"count":6,"href":"https:\/\/mam.familleleconte.fr\/index.php\/wp-json\/wp\/v2\/pages\/224\/revisions"}],"predecessor-version":[{"id":324,"href":"https:\/\/mam.familleleconte.fr\/index.php\/wp-json\/wp\/v2\/pages\/224\/revisions\/324"}],"wp:attachment":[{"href":"https:\/\/mam.familleleconte.fr\/index.php\/wp-json\/wp\/v2\/media?parent=224"}],"curies":[{"name":"wp","href":"https:\/\/api.w.org\/{rel}","templated":true}]}}